{"id":500,"date":"2012-12-26T15:21:17","date_gmt":"2012-12-26T15:21:17","guid":{"rendered":"http:\/\/ggkarman.de\/benvingutmrgerhard\/?page_id=500"},"modified":"2013-12-26T19:32:30","modified_gmt":"2013-12-26T19:32:30","slug":"contact","status":"publish","type":"page","link":"https:\/\/ggkarman.de\/benvingutmrgerhard\/contact\/","title":{"rendered":"Contact"},"content":{"rendered":"<p>I am \u00a0happy to learn more about other people&#8217;s interest in Gerhard.<\/p>\n<div role=\"form\" class=\"wpcf7\" id=\"wpcf7-f502-o1\" dir=\"ltr\">\n<div class=\"screen-reader-response\"><p role=\"status\" aria-live=\"polite\" aria-atomic=\"true\"><\/p> <ul><\/ul><\/div>\n<form action=\"\/benvingutmrgerhard\/wp-json\/wp\/v2\/pages\/500#wpcf7-f502-o1\" method=\"post\" class=\"wpcf7-form init\" novalidate=\"novalidate\" data-status=\"init\">\n<div style=\"display: none;\">\n<input type=\"hidden\" name=\"_wpcf7\" value=\"502\" \/>\n<input type=\"hidden\" name=\"_wpcf7_version\" value=\"5.4.2\" \/>\n<input type=\"hidden\" name=\"_wpcf7_locale\" value=\"\" \/>\n<input type=\"hidden\" name=\"_wpcf7_unit_tag\" value=\"wpcf7-f502-o1\" \/>\n<input type=\"hidden\" name=\"_wpcf7_container_post\" value=\"0\" \/>\n<input type=\"hidden\" name=\"_wpcf7_posted_data_hash\" value=\"\" \/>\n<\/div>\n<p>Your Name (Required)<br \/>\n    <span class=\"wpcf7-form-control-wrap your-name\"><input type=\"text\" name=\"your-name\" value=\"\" size=\"40\" class=\"wpcf7-form-control wpcf7-text wpcf7-validates-as-required\" aria-required=\"true\" aria-invalid=\"false\" \/><\/span> <\/p>\n<p>Your E-Mail-Address (Required)<br \/>\n    <span class=\"wpcf7-form-control-wrap your-email\"><input type=\"email\" name=\"your-email\" value=\"\" size=\"40\" class=\"wpcf7-form-control wpcf7-text wpcf7-email wpcf7-validates-as-required wpcf7-validates-as-email\" aria-required=\"true\" aria-invalid=\"false\" \/><\/span> <\/p>\n<p>Subject<br \/>\n    <span class=\"wpcf7-form-control-wrap your-subject\"><input type=\"text\" name=\"your-subject\" value=\"\" size=\"40\" class=\"wpcf7-form-control wpcf7-text\" aria-invalid=\"false\" \/><\/span> <\/p>\n<p>Your Message<br \/>\n    <span class=\"wpcf7-form-control-wrap your-message\"><textarea name=\"your-message\" cols=\"40\" rows=\"10\" class=\"wpcf7-form-control wpcf7-textarea\" aria-invalid=\"false\"><\/textarea><\/span> <\/p>\n<p> Input this code below: <input type=\"hidden\" name=\"_wpcf7_captcha_challenge_captcha-295\" value=\"3738777742\" \/><img class=\"wpcf7-form-control wpcf7-captchac wpcf7-captcha-captcha-295\" width=\"72\" height=\"24\" alt=\"captcha\" src=\"https:\/\/i0.wp.com\/ggkarman.de\/benvingutmrgerhard\/wp-content\/uploads\/wpcf7_captcha\/3738777742.png?resize=72%2C24&#038;ssl=1\" data-recalc-dims=\"1\" \/><br \/>\n<span class=\"wpcf7-form-control-wrap captcha-295\"><input type=\"text\" name=\"captcha-295\" value=\"\" size=\"20\" class=\"wpcf7-form-control wpcf7-captchar\" autocomplete=\"off\" aria-invalid=\"false\" \/><\/span> <\/p>\n<p><input type=\"submit\" value=\"Submit\" class=\"wpcf7-form-control wpcf7-submit\" \/><\/p>\n<div class=\"wpcf7-response-output\" aria-hidden=\"true\"><\/div><\/form><\/div>\n","protected":false},"excerpt":{"rendered":"<p>I am \u00a0happy to learn more about other people&#8217;s interest in Gerhard.<\/p>\n","protected":false},"author":1,"featured_media":0,"parent":0,"menu_order":6,"comment_status":"closed","ping_status":"closed","template":"sidebar-page.php","meta":{"_monsterinsights_skip_tracking":false,"_monsterinsights_sitenote_active":false,"_monsterinsights_sitenote_note":"","_monsterinsights_sitenote_category":0,"spay_email":""},"jetpack_shortlink":"https:\/\/wp.me\/P3NRhz-84","jetpack_sharing_enabled":true,"jetpack_likes_enabled":false,"jetpack-related-posts":[{"id":326,"url":"https:\/\/ggkarman.de\/benvingutmrgerhard\/links\/","url_meta":{"origin":500,"position":0},"title":"Links","date":"23\/12\/2012","format":false,"excerpt":"RELATED SITES www.robertogerhard.com\u00a0\u2014 Official site of the Roberto Gerhard\u00a0Conference CeReNeM\u00a0\u2014 Centre for Research in New Music, University of Huddersfield Conservatori Superior de M\u00fasica del Liceu\u00a0\u2014 Where the concert took place PROJECT PARTNERS Ajuntament de Barcelona Arts & Humanities Research Council Biblioteca de Catalunya Catalunya M\u00fasica Can R\u00e0fols dels Caus Centre\u2026","rel":"","context":"\u00c4hnlicher Beitrag","img":{"alt_text":"","src":"","width":0,"height":0},"classes":[]},{"id":149,"url":"https:\/\/ggkarman.de\/benvingutmrgerhard\/program\/claustrophilia\/","url_meta":{"origin":500,"position":1},"title":"Claustrophilia (a page for John Cage)","date":"17\/12\/2012","format":false,"excerpt":"El juego de palabras que escoge\u00a0Gerhard para dar t\u00edtulo a\u00a0esta p\u00e1gina \u2013 \u00a0ejercitando sin duda alguna, creo yo, ese\u00a0ingenio y sentido del humor tan gerhardianos \u2013 puede interpretarse como\u00a0una expresi\u00f3n de afecto por Cage pero tambi\u00e9n como una reivindicaci\u00f3n de su propia visi\u00f3n m\u00e1s sobria del oficio (claustro-philia). Gerhard conoci\u00f3\u2026","rel":"","context":"Mit 2 Kommentaren","img":{"alt_text":"","src":"https:\/\/i1.wp.com\/ggkarman.de\/benvingutmrgerhard\/wp-content\/uploads\/2012\/12\/Screen-shot-2012-12-18-at-13.35.06-300x224.png?resize=350%2C200","width":350,"height":200},"classes":[]},{"id":230,"url":"https:\/\/ggkarman.de\/benvingutmrgerhard\/","url_meta":{"origin":500,"position":2},"title":"A Tribute to Roberto Gerhard","date":"22\/12\/2012","format":false,"excerpt":"This blog entry commemorates the concert dedicated to the Anglo-Catalan composer Roberto Gerhard (1896\u20131970)\u00a0that took place in the Auditori of the Conservatori del Liceu in Barcelona the 26th of April 2012. The soir\u00e9e was part of the activities of the II International Conference Roberto Gerhard and the Spring Festival of\u2026","rel":"","context":"Mit 1 Kommentar","img":{"alt_text":"","src":"","width":0,"height":0},"classes":[]},{"id":338,"url":"https:\/\/ggkarman.de\/benvingutmrgerhard\/credits\/","url_meta":{"origin":500,"position":3},"title":"Credits","date":"23\/12\/2012","format":false,"excerpt":"II INTERNATIONAL ROBERTO GERHARD CONFERENCE University of Huddersfield. School of Music, Humanities and Media (coordinaci\u00f3n y producci\u00f3n) Director: Michael Russ Coordinador CeReNeM: Monty Adkins Coordinadores del congreso: Carlos Duque, Gregorio Garc\u00eda Karman y\u00a0Trevor Walshaw Conservatorio Superior de M\u00fasica del Liceu (sede principal del congreso) Directora: Mar\u00eda Serrat i Mart\u00edn Coordinaci\u00f3n:\u2026","rel":"","context":"\u00c4hnlicher Beitrag","img":{"alt_text":"","src":"","width":0,"height":0},"classes":[]},{"id":125,"url":"https:\/\/ggkarman.de\/benvingutmrgerhard\/program\/lament-for-the-death-of-a-bullfighter\/","url_meta":{"origin":500,"position":4},"title":"Lament for the Death of a Bullfighter","date":"17\/12\/2012","format":false,"excerpt":"Lament for the Death of a Bullfighter (1959)\u00a0es una composici\u00f3n radiof\u00f3nica sobre el poema\u00a0Llanto por la muerte de Ignacio S\u00e1nchez Mej\u00edas\u00a0de Federico Garc\u00eda Lorca. La cinta fue realizada en el estudio dom\u00e9stico que Roberto Gerhard hab\u00eda instalado un a\u00f1o antes en su casa de Madingley Road en Cambridge, y ensamblada\u2026","rel":"","context":"\u00c4hnlicher Beitrag","img":{"alt_text":"","src":"https:\/\/i1.wp.com\/ggkarman.de\/benvingutmrgerhard\/wp-content\/uploads\/2012\/12\/IMG_6929-200x300.jpg?resize=350%2C200","width":350,"height":200},"classes":[]},{"id":129,"url":"https:\/\/ggkarman.de\/benvingutmrgerhard\/program\/dna-in-reflection\/","url_meta":{"origin":500,"position":5},"title":"DNA in Reflection","date":"17\/12\/2012","format":false,"excerpt":"DNA in Reflection\u00a0(1963) es un film experimental de Hans Boye y Anand Sarabhai, dos j\u00f3venes investigadores que se conocieron en el Laboratorio de Biolog\u00eda Molecular de la Universidad de Cambridge a principios de los a\u00f1os 60. La pel\u00edcula muestra las im\u00e1genes del modelo de la doble h\u00e9lice de ADN de\u2026","rel":"","context":"\u00c4hnlicher Beitrag","img":{"alt_text":"","src":"https:\/\/i2.wp.com\/ggkarman.de\/benvingutmrgerhard\/wp-content\/uploads\/2012\/12\/Screen-shot-2012-12-18-at-12.42.49-1024x772.png?resize=350%2C200","width":350,"height":200},"classes":[]}],"_links":{"self":[{"href":"https:\/\/ggkarman.de\/benvingutmrgerhard\/wp-json\/wp\/v2\/pages\/500"}],"collection":[{"href":"https:\/\/ggkarman.de\/benvingutmrgerhard\/wp-json\/wp\/v2\/pages"}],"about":[{"href":"https:\/\/ggkarman.de\/benvingutmrgerhard\/wp-json\/wp\/v2\/types\/page"}],"author":[{"embeddable":true,"href":"https:\/\/ggkarman.de\/benvingutmrgerhard\/wp-json\/wp\/v2\/users\/1"}],"replies":[{"embeddable":true,"href":"https:\/\/ggkarman.de\/benvingutmrgerhard\/wp-json\/wp\/v2\/comments?post=500"}],"version-history":[{"count":23,"href":"https:\/\/ggkarman.de\/benvingutmrgerhard\/wp-json\/wp\/v2\/pages\/500\/revisions"}],"predecessor-version":[{"id":1079,"href":"https:\/\/ggkarman.de\/benvingutmrgerhard\/wp-json\/wp\/v2\/pages\/500\/revisions\/1079"}],"wp:attachment":[{"href":"https:\/\/ggkarman.de\/benvingutmrgerhard\/wp-json\/wp\/v2\/media?parent=500"}],"curies":[{"name":"wp","href":"https:\/\/api.w.org\/{rel}","templated":true}]}}