{"id":338,"date":"2012-12-23T02:31:33","date_gmt":"2012-12-23T02:31:33","guid":{"rendered":"http:\/\/ggkarman.de\/benvingutmrgerhard\/?page_id=338"},"modified":"2013-04-15T13:08:18","modified_gmt":"2013-04-15T13:08:18","slug":"credits","status":"publish","type":"page","link":"https:\/\/ggkarman.de\/benvingutmrgerhard\/credits\/","title":{"rendered":"Credits"},"content":{"rendered":"<p><span style=\"color: #993366;\">II INTERNATIONAL ROBERTO GERHARD CONFERENCE<\/span><\/p>\n<p>University of Huddersfield. School of Music, Humanities and Media (coordinaci\u00f3n y producci\u00f3n)<br \/>\nDirector: Michael Russ<br \/>\nCoordinador CeReNeM: Monty Adkins<br \/>\nCoordinadores del congreso: Carlos Duque, Gregorio Garc\u00eda Karman y\u00a0Trevor Walshaw<\/p>\n<p>Conservatorio Superior de M\u00fasica del Liceu (sede principal del congreso)<br \/>\nDirectora: Mar\u00eda Serrat i Mart\u00edn<br \/>\nCoordinaci\u00f3n: Benjamin Davies<br \/>\nProducci\u00f3n: Mar\u00eda Fernanda Mart\u00ednez, Ricard Oliver<\/p>\n<p>Biblioteca de Catalunya (sede del congreso y exposici\u00f3n)<br \/>\nDirectora de la secci\u00f3n de M\u00fasica: Maria Rosa Montalt i Matas<br \/>\nComisarios: Maria Rosa Montalt i Matas y Margarida Ullate i Estanyol<\/p>\n<p>Institut d&#8217;Estudis Vallencs (sede del congreso en Valls)<br \/>\nPresidente: Xavier Salat i Br\u00fanel<br \/>\nAdministraci\u00f3n: Francesc X. Domingo i Romera y Olga Ger Beltr\u00e1n<\/p>\n<p>Ajuntament de Barcelona, Institut de Cultura,<br \/>\nComissi\u00f3 de la Mem\u00f2ria Hist\u00f2rica de Barcelona<br \/>\nPresidente: Jaume Ciurana<br \/>\nVocales: Josep Llu\u00eds Alay, Joan Roca, Pilar V\u00e9lez, Joaqu\u00edm Borr\u00e0s, Carme Riera, Joan Fuster, Daniel Giralt-Miracle, Cl\u00e0udia Pujol y Albert Garc\u00eda<br \/>\nSecretaria: Pilar Serrano<\/p>\n<p>Associaci\u00f3 Amics de la M\u00fasica de Valls<br \/>\nPresidente: Roman Galimany Soler<\/p>\n<p>Centre Robert Gerhard<br \/>\nCoordinadora: Ver\u00f2nica Rodr\u00edguez Brass\u00f3<\/p>\n<p>AGRADECIMIENTOS<\/p>\n<p>Mariona Agust\u00ed, Ferr\u00e1n Gerhard, Xavier G\u00fcell, Josep Mar\u00eda Mestres-Quadreny, Rosa Montalt Rosemary Summers, Marita Gomis, Pietat Homs, John Youngman<br \/>\nEntidades colaboradoras: Ayuntamiento de Valls, SGAE, Radio Catalunya<br \/>\nProfesores del Liceu: Benet Casablancas, Jaume Cortadellas, Benjamin Davies, Abigail Prat, \u00c1ngel Soler<br \/>\nColecci\u00f3n de radios de onda corta: Jaume Figueras (Aviny\u00f3)<br \/>\nC\u00e1mara y edici\u00f3n de video: Pau Estrada, Sharon Lomanno<br \/>\nAlumnos: Laura Nadal<\/p>\n<p><span style=\"color: #993366;\">BENVINGUT MR GERHARD<\/span><\/p>\n<p>Redacci\u00f3n: Gregorio Garc\u00eda Karman<\/p>\n","protected":false},"excerpt":{"rendered":"<p>II INTERNATIONAL ROBERTO GERHARD CONFERENCE University of Huddersfield. School of Music, Humanities and Media (coordinaci\u00f3n y producci\u00f3n) Director: Michael Russ Coordinador CeReNeM: Monty Adkins Coordinadores del congreso: Carlos Duque, Gregorio Garc\u00eda Karman y\u00a0Trevor Walshaw Conservatorio Superior de M\u00fasica del Liceu &hellip; <a href=\"https:\/\/ggkarman.de\/benvingutmrgerhard\/credits\/\">Weiterlesen <span class=\"meta-nav\">&rarr;<\/span><\/a><\/p>\n","protected":false},"author":1,"featured_media":0,"parent":0,"menu_order":4,"comment_status":"closed","ping_status":"closed","template":"sidebar-page.php","meta":{"_monsterinsights_skip_tracking":false,"_monsterinsights_sitenote_active":false,"_monsterinsights_sitenote_note":"","_monsterinsights_sitenote_category":0,"spay_email":""},"jetpack_shortlink":"https:\/\/wp.me\/P3NRhz-5s","jetpack_sharing_enabled":true,"jetpack_likes_enabled":false,"jetpack-related-posts":[{"id":326,"url":"https:\/\/ggkarman.de\/benvingutmrgerhard\/links\/","url_meta":{"origin":338,"position":0},"title":"Links","date":"23\/12\/2012","format":false,"excerpt":"RELATED SITES www.robertogerhard.com\u00a0\u2014 Official site of the Roberto Gerhard\u00a0Conference CeReNeM\u00a0\u2014 Centre for Research in New Music, University of Huddersfield Conservatori Superior de M\u00fasica del Liceu\u00a0\u2014 Where the concert took place PROJECT PARTNERS Ajuntament de Barcelona Arts & Humanities Research Council Biblioteca de Catalunya Catalunya M\u00fasica Can R\u00e0fols dels Caus Centre\u2026","rel":"","context":"\u00c4hnlicher Beitrag","img":{"alt_text":"","src":"","width":0,"height":0},"classes":[]},{"id":51,"url":"https:\/\/ggkarman.de\/benvingutmrgerhard\/program\/","url_meta":{"origin":338,"position":1},"title":"Programme","date":"17\/12\/2012","format":false,"excerpt":"Tres canciones catalanas\u00a0(ca. 1930),\u00a0\u00a0for voice and piano:\u00a0Laia Cladellas,\u00a0voice;\u00a0Gonzalo Redondo,\u00a0piano \u00a0 \u00a0 \u00a0Madrigal a Sitges \u00a0 \u00a0 \u00a0Ventall \u00a0 \u00a0 \u00a0La Fulla i el N\u00favol Capriccio (1949),\u00a0for solo flute:\u00a0M. Margalida Segu\u00ed Tugores, \u00a0flute Lament for the Death of a Bullfighter [1] (1959),\u00a0for speaker and magnetic tape:\u00a0M\u00f3nica Mu\u00f1oz, voice;\u00a0Gregorio Garc\u00eda Karman, concert\u2026","rel":"","context":"\u00c4hnlicher Beitrag","img":{"alt_text":"","src":"","width":0,"height":0},"classes":[]},{"id":105,"url":"https:\/\/ggkarman.de\/benvingutmrgerhard\/program\/capriccio\/","url_meta":{"origin":338,"position":2},"title":"Capriccio","date":"17\/12\/2012","format":false,"excerpt":"El Capriccio \u2014 una pieza virtuos\u00edstica en un movimiento \u2014 fue compuesta en 1949, con motivo del convite de Edward Clark (pupilo de Schoenberg y responsable del servicio de m\u00fasica de la BBC) para un concierto de la secci\u00f3n Brit\u00e1nica de la Sociedad Internacional de M\u00fasica Contempor\u00e1nea.","rel":"","context":"\u00c4hnlicher Beitrag","img":{"alt_text":"","src":"","width":0,"height":0},"classes":[]},{"id":129,"url":"https:\/\/ggkarman.de\/benvingutmrgerhard\/program\/dna-in-reflection\/","url_meta":{"origin":338,"position":3},"title":"DNA in Reflection","date":"17\/12\/2012","format":false,"excerpt":"DNA in Reflection\u00a0(1963) es un film experimental de Hans Boye y Anand Sarabhai, dos j\u00f3venes investigadores que se conocieron en el Laboratorio de Biolog\u00eda Molecular de la Universidad de Cambridge a principios de los a\u00f1os 60. La pel\u00edcula muestra las im\u00e1genes del modelo de la doble h\u00e9lice de ADN de\u2026","rel":"","context":"\u00c4hnlicher Beitrag","img":{"alt_text":"","src":"https:\/\/i2.wp.com\/ggkarman.de\/benvingutmrgerhard\/wp-content\/uploads\/2012\/12\/Screen-shot-2012-12-18-at-12.42.49-1024x772.png?resize=350%2C200","width":350,"height":200},"classes":[]},{"id":125,"url":"https:\/\/ggkarman.de\/benvingutmrgerhard\/program\/lament-for-the-death-of-a-bullfighter\/","url_meta":{"origin":338,"position":4},"title":"Lament for the Death of a Bullfighter","date":"17\/12\/2012","format":false,"excerpt":"Lament for the Death of a Bullfighter (1959)\u00a0es una composici\u00f3n radiof\u00f3nica sobre el poema\u00a0Llanto por la muerte de Ignacio S\u00e1nchez Mej\u00edas\u00a0de Federico Garc\u00eda Lorca. La cinta fue realizada en el estudio dom\u00e9stico que Roberto Gerhard hab\u00eda instalado un a\u00f1o antes en su casa de Madingley Road en Cambridge, y ensamblada\u2026","rel":"","context":"\u00c4hnlicher Beitrag","img":{"alt_text":"","src":"https:\/\/i1.wp.com\/ggkarman.de\/benvingutmrgerhard\/wp-content\/uploads\/2012\/12\/IMG_6929-200x300.jpg?resize=350%2C200","width":350,"height":200},"classes":[]}],"_links":{"self":[{"href":"https:\/\/ggkarman.de\/benvingutmrgerhard\/wp-json\/wp\/v2\/pages\/338"}],"collection":[{"href":"https:\/\/ggkarman.de\/benvingutmrgerhard\/wp-json\/wp\/v2\/pages"}],"about":[{"href":"https:\/\/ggkarman.de\/benvingutmrgerhard\/wp-json\/wp\/v2\/types\/page"}],"author":[{"embeddable":true,"href":"https:\/\/ggkarman.de\/benvingutmrgerhard\/wp-json\/wp\/v2\/users\/1"}],"replies":[{"embeddable":true,"href":"https:\/\/ggkarman.de\/benvingutmrgerhard\/wp-json\/wp\/v2\/comments?post=338"}],"version-history":[{"count":35,"href":"https:\/\/ggkarman.de\/benvingutmrgerhard\/wp-json\/wp\/v2\/pages\/338\/revisions"}],"predecessor-version":[{"id":1065,"href":"https:\/\/ggkarman.de\/benvingutmrgerhard\/wp-json\/wp\/v2\/pages\/338\/revisions\/1065"}],"wp:attachment":[{"href":"https:\/\/ggkarman.de\/benvingutmrgerhard\/wp-json\/wp\/v2\/media?parent=338"}],"curies":[{"name":"wp","href":"https:\/\/api.w.org\/{rel}","templated":true}]}}