{"id":230,"date":"2012-12-22T18:37:19","date_gmt":"2012-12-22T18:37:19","guid":{"rendered":"http:\/\/ggkarman.de\/benvingutmrgerhard\/?page_id=230"},"modified":"2013-04-22T15:25:58","modified_gmt":"2013-04-22T15:25:58","slug":"concierto-monografico-roberto-gerhard","status":"publish","type":"page","link":"https:\/\/ggkarman.de\/benvingutmrgerhard\/","title":{"rendered":"A Tribute to Roberto Gerhard"},"content":{"rendered":"<div id=\"attachment_24\" style=\"width: 202px\" class=\"wp-caption alignright\"><a href=\"http:\/\/ggkarman.de\/benvingutmrgerhard\/program\"><img aria-describedby=\"caption-attachment-24\" loading=\"lazy\" class=\"size-medium wp-image-24 \" title=\"Flyer definitivo\" src=\"https:\/\/i0.wp.com\/ggkarman.de\/benvingutmrgerhard\/wp-content\/uploads\/2012\/12\/Flyer_definitivo1.jpg?resize=192%2C300\" alt=\"\" width=\"192\" height=\"300\" srcset=\"https:\/\/i0.wp.com\/ggkarman.de\/benvingutmrgerhard\/wp-content\/uploads\/2012\/12\/Flyer_definitivo1.jpg?resize=192%2C300&amp;ssl=1 192w, https:\/\/i0.wp.com\/ggkarman.de\/benvingutmrgerhard\/wp-content\/uploads\/2012\/12\/Flyer_definitivo1.jpg?w=657&amp;ssl=1 657w\" sizes=\"(max-width: 192px) 100vw, 192px\" data-recalc-dims=\"1\" \/><\/a><p id=\"caption-attachment-24\" class=\"wp-caption-text\">Concert flyer<\/p><\/div>\n<p>This blog entry commemorates the concert dedicated to the Anglo-Catalan composer Roberto Gerhard (1896\u20131970)\u00a0that took place in the Auditori of the Conservatori del Liceu in Barcelona the 26th of April 2012. The soir\u00e9e was part of the activities of the II International Conference Roberto Gerhard and the Spring Festival of the Conservatori del Liceu.<\/p>\n<p>Gerhard is, perhaps, best known as a pupil of Schoenberg but he was also one of the very few pre-1900\u00a0composers who dared to venture into the uncharted field of composition with\u00a0manipulated tape. His centre of operations in Cambridge\u00a0was a modest domestic studio fitted with a handful of EMI and Ferrograph open-reel tape recorders. Incidentally, he was also one of the few composers in Britain to receive support from the BBC Radiophonic Workshop. Contemporary of more widely-known electronic music pioneers such as Schaeffer, Henry, Var\u00e8se, Babbitt,\u00a0Maderna, Berio or Stockhausen, the Spanish-born composer Roberto Gerhard\u2014convinced of\u00a0the expressiveness of recorded sound, which he aimed to bring to a level of poetic imaginery in his &#8222;sound compositions&#8220;\u2014is probably one\u00a0among the most original and distinctive voices of the early days of the new\u00a0medium.<\/p>\n<p>Our tribute to Gerhard included the first concert performance of his &#8222;radiophonic poem&#8220;\u00a0<em><a title=\"Lament for the death of a bullfighter\" href=\"http:\/\/ggkarman.de\/benvingutmrgerhard\/program\/lament-for-the-death-of-a-bullfighter\/\">Lament for the Death of a Bullfighter<\/a><\/em> (1959), for speaker and tape, and the Iberian premiere of the film <em><a title=\"DNA in Reflection\" href=\"http:\/\/ggkarman.de\/benvingutmrgerhard\/program\/dna-in-reflection\/\">DNA in Reflection<\/a><\/em> (1963), which features Gerhard&#8217;s &#8222;aleatoric soundtrack&#8220; (A.K.A.\u00a0<em>Audiomobile No. 2 &#8222;DNA&#8220;<\/em>). Adding to this gloom, the commemoration of John Cage&#8217;s 100 anniversary in 2012 and the partnership with the conservatory of the Liceu, provided the ideal excuse to get engaged in the adventure of a world premiere of <em><a title=\"Claustrophilia (a page for John Cage)\" href=\"http:\/\/ggkarman.de\/benvingutmrgerhard\/program\/claustrophilia\/\">Claustrophilia<\/a><\/em> (1966) \u2014 a musical action for eight harps and four short wave radios dedicated to Cage that was carried out by a group of intrepid students of the conservatory.\u00a0The night was rounded off by splendid performances of three of Gerhard&#8217;s\u00a0<a title=\"Tres canciones catalanas\" href=\"http:\/\/ggkarman.de\/benvingutmrgerhard\/program\/tres-canciones-catalanas\/\">Catalan songs<\/a>\u00a0and his\u00a0<em><a title=\"Capriccio\" href=\"http:\/\/ggkarman.de\/benvingutmrgerhard\/program\/capriccio\/\">Capriccio<\/a><\/em>\u00a0for solo flute, also interpreted by students of the Liceu.<\/p>\n<p>The concert was made possible thanks to the creativity and dedication\u00a0of the\u00a0professors,\u00a0students, and staff of the Conservatori del Liceu (alongside individual contributors from Barcelona, Figueres, and Avign\u00f3) and the kind support of the University of Huddersfield and the British Arts and Humanities Research Council project &#8222;The Electronic Music of Roberto Gerhard&#8220;.<\/p>\n<div>G.G.K.<\/div>\n<div><\/div>\n<div><\/div>\n","protected":false},"excerpt":{"rendered":"<p>This blog entry commemorates the concert dedicated to the Anglo-Catalan composer Roberto Gerhard (1896\u20131970)\u00a0that took place in the Auditori of the Conservatori del Liceu in Barcelona the 26th of April 2012. The soir\u00e9e was part of the activities of the &hellip; <a href=\"https:\/\/ggkarman.de\/benvingutmrgerhard\/\">Weiterlesen <span class=\"meta-nav\">&rarr;<\/span><\/a><\/p>\n","protected":false},"author":1,"featured_media":0,"parent":0,"menu_order":1,"comment_status":"open","ping_status":"closed","template":"sidebar-page.php","meta":{"_monsterinsights_skip_tracking":false,"_monsterinsights_sitenote_active":false,"_monsterinsights_sitenote_note":"","_monsterinsights_sitenote_category":0,"spay_email":""},"jetpack_shortlink":"https:\/\/wp.me\/P3NRhz-3I","jetpack_sharing_enabled":true,"jetpack_likes_enabled":false,"jetpack-related-posts":[{"id":326,"url":"https:\/\/ggkarman.de\/benvingutmrgerhard\/links\/","url_meta":{"origin":230,"position":0},"title":"Links","date":"23\/12\/2012","format":false,"excerpt":"RELATED SITES www.robertogerhard.com\u00a0\u2014 Official site of the Roberto Gerhard\u00a0Conference CeReNeM\u00a0\u2014 Centre for Research in New Music, University of Huddersfield Conservatori Superior de M\u00fasica del Liceu\u00a0\u2014 Where the concert took place PROJECT PARTNERS Ajuntament de Barcelona Arts & Humanities Research Council Biblioteca de Catalunya Catalunya M\u00fasica Can R\u00e0fols dels Caus Centre\u2026","rel":"","context":"\u00c4hnlicher Beitrag","img":{"alt_text":"","src":"","width":0,"height":0},"classes":[]},{"id":338,"url":"https:\/\/ggkarman.de\/benvingutmrgerhard\/credits\/","url_meta":{"origin":230,"position":1},"title":"Credits","date":"23\/12\/2012","format":false,"excerpt":"II INTERNATIONAL ROBERTO GERHARD CONFERENCE University of Huddersfield. School of Music, Humanities and Media (coordinaci\u00f3n y producci\u00f3n) Director: Michael Russ Coordinador CeReNeM: Monty Adkins Coordinadores del congreso: Carlos Duque, Gregorio Garc\u00eda Karman y\u00a0Trevor Walshaw Conservatorio Superior de M\u00fasica del Liceu (sede principal del congreso) Directora: Mar\u00eda Serrat i Mart\u00edn Coordinaci\u00f3n:\u2026","rel":"","context":"\u00c4hnlicher Beitrag","img":{"alt_text":"","src":"","width":0,"height":0},"classes":[]},{"id":129,"url":"https:\/\/ggkarman.de\/benvingutmrgerhard\/program\/dna-in-reflection\/","url_meta":{"origin":230,"position":2},"title":"DNA in Reflection","date":"17\/12\/2012","format":false,"excerpt":"DNA in Reflection\u00a0(1963) es un film experimental de Hans Boye y Anand Sarabhai, dos j\u00f3venes investigadores que se conocieron en el Laboratorio de Biolog\u00eda Molecular de la Universidad de Cambridge a principios de los a\u00f1os 60. La pel\u00edcula muestra las im\u00e1genes del modelo de la doble h\u00e9lice de ADN de\u2026","rel":"","context":"\u00c4hnlicher Beitrag","img":{"alt_text":"","src":"https:\/\/i2.wp.com\/ggkarman.de\/benvingutmrgerhard\/wp-content\/uploads\/2012\/12\/Screen-shot-2012-12-18-at-12.42.49-1024x772.png?resize=350%2C200","width":350,"height":200},"classes":[]},{"id":125,"url":"https:\/\/ggkarman.de\/benvingutmrgerhard\/program\/lament-for-the-death-of-a-bullfighter\/","url_meta":{"origin":230,"position":3},"title":"Lament for the Death of a Bullfighter","date":"17\/12\/2012","format":false,"excerpt":"Lament for the Death of a Bullfighter (1959)\u00a0es una composici\u00f3n radiof\u00f3nica sobre el poema\u00a0Llanto por la muerte de Ignacio S\u00e1nchez Mej\u00edas\u00a0de Federico Garc\u00eda Lorca. La cinta fue realizada en el estudio dom\u00e9stico que Roberto Gerhard hab\u00eda instalado un a\u00f1o antes en su casa de Madingley Road en Cambridge, y ensamblada\u2026","rel":"","context":"\u00c4hnlicher Beitrag","img":{"alt_text":"","src":"https:\/\/i1.wp.com\/ggkarman.de\/benvingutmrgerhard\/wp-content\/uploads\/2012\/12\/IMG_6929-200x300.jpg?resize=350%2C200","width":350,"height":200},"classes":[]},{"id":149,"url":"https:\/\/ggkarman.de\/benvingutmrgerhard\/program\/claustrophilia\/","url_meta":{"origin":230,"position":4},"title":"Claustrophilia (a page for John Cage)","date":"17\/12\/2012","format":false,"excerpt":"El juego de palabras que escoge\u00a0Gerhard para dar t\u00edtulo a\u00a0esta p\u00e1gina \u2013 \u00a0ejercitando sin duda alguna, creo yo, ese\u00a0ingenio y sentido del humor tan gerhardianos \u2013 puede interpretarse como\u00a0una expresi\u00f3n de afecto por Cage pero tambi\u00e9n como una reivindicaci\u00f3n de su propia visi\u00f3n m\u00e1s sobria del oficio (claustro-philia). Gerhard conoci\u00f3\u2026","rel":"","context":"Mit 2 Kommentaren","img":{"alt_text":"","src":"https:\/\/i1.wp.com\/ggkarman.de\/benvingutmrgerhard\/wp-content\/uploads\/2012\/12\/Screen-shot-2012-12-18-at-13.35.06-300x224.png?resize=350%2C200","width":350,"height":200},"classes":[]},{"id":500,"url":"https:\/\/ggkarman.de\/benvingutmrgerhard\/contact\/","url_meta":{"origin":230,"position":5},"title":"Contact","date":"26\/12\/2012","format":false,"excerpt":"I am \u00a0happy to learn more about other people's interest in Gerhard.","rel":"","context":"\u00c4hnlicher Beitrag","img":{"alt_text":"","src":"","width":0,"height":0},"classes":[]}],"_links":{"self":[{"href":"https:\/\/ggkarman.de\/benvingutmrgerhard\/wp-json\/wp\/v2\/pages\/230"}],"collection":[{"href":"https:\/\/ggkarman.de\/benvingutmrgerhard\/wp-json\/wp\/v2\/pages"}],"about":[{"href":"https:\/\/ggkarman.de\/benvingutmrgerhard\/wp-json\/wp\/v2\/types\/page"}],"author":[{"embeddable":true,"href":"https:\/\/ggkarman.de\/benvingutmrgerhard\/wp-json\/wp\/v2\/users\/1"}],"replies":[{"embeddable":true,"href":"https:\/\/ggkarman.de\/benvingutmrgerhard\/wp-json\/wp\/v2\/comments?post=230"}],"version-history":[{"count":241,"href":"https:\/\/ggkarman.de\/benvingutmrgerhard\/wp-json\/wp\/v2\/pages\/230\/revisions"}],"predecessor-version":[{"id":1072,"href":"https:\/\/ggkarman.de\/benvingutmrgerhard\/wp-json\/wp\/v2\/pages\/230\/revisions\/1072"}],"wp:attachment":[{"href":"https:\/\/ggkarman.de\/benvingutmrgerhard\/wp-json\/wp\/v2\/media?parent=230"}],"curies":[{"name":"wp","href":"https:\/\/api.w.org\/{rel}","templated":true}]}}