{"id":105,"date":"2012-12-17T13:19:11","date_gmt":"2012-12-17T13:19:11","guid":{"rendered":"http:\/\/ggkarman.de\/benvingutmrgerhard\/?page_id=105"},"modified":"2013-01-07T04:02:36","modified_gmt":"2013-01-07T04:02:36","slug":"capriccio","status":"publish","type":"page","link":"https:\/\/ggkarman.de\/benvingutmrgerhard\/program\/capriccio\/","title":{"rendered":"Capriccio"},"content":{"rendered":"<p>El Capriccio \u2014 una pieza virtuos\u00edstica en un movimiento \u2014 fue compuesta en 1949, con motivo del convite de Edward Clark (pupilo de Schoenberg y responsable del servicio de m\u00fasica de la BBC) para un concierto de la secci\u00f3n Brit\u00e1nica de la Sociedad Internacional de M\u00fasica Contempor\u00e1nea.<\/p>\n","protected":false},"excerpt":{"rendered":"<p>El Capriccio \u2014 una pieza virtuos\u00edstica en un movimiento \u2014 fue compuesta en 1949, con motivo del convite de Edward Clark (pupilo de Schoenberg y responsable del servicio de m\u00fasica de la BBC) para un concierto de la secci\u00f3n Brit\u00e1nica &hellip; <a href=\"https:\/\/ggkarman.de\/benvingutmrgerhard\/program\/capriccio\/\">Weiterlesen <span class=\"meta-nav\">&rarr;<\/span><\/a><\/p>\n","protected":false},"author":1,"featured_media":0,"parent":51,"menu_order":2,"comment_status":"open","ping_status":"closed","template":"sidebar-page.php","meta":{"_monsterinsights_skip_tracking":false,"_monsterinsights_sitenote_active":false,"_monsterinsights_sitenote_note":"","_monsterinsights_sitenote_category":0,"spay_email":""},"jetpack_shortlink":"https:\/\/wp.me\/P3NRhz-1H","jetpack_sharing_enabled":true,"jetpack_likes_enabled":false,"jetpack-related-posts":[{"id":51,"url":"https:\/\/ggkarman.de\/benvingutmrgerhard\/program\/","url_meta":{"origin":105,"position":0},"title":"Programme","date":"17\/12\/2012","format":false,"excerpt":"Tres canciones catalanas\u00a0(ca. 1930),\u00a0\u00a0for voice and piano:\u00a0Laia Cladellas,\u00a0voice;\u00a0Gonzalo Redondo,\u00a0piano \u00a0 \u00a0 \u00a0Madrigal a Sitges \u00a0 \u00a0 \u00a0Ventall \u00a0 \u00a0 \u00a0La Fulla i el N\u00favol Capriccio (1949),\u00a0for solo flute:\u00a0M. Margalida Segu\u00ed Tugores, \u00a0flute Lament for the Death of a Bullfighter [1] (1959),\u00a0for speaker and magnetic tape:\u00a0M\u00f3nica Mu\u00f1oz, voice;\u00a0Gregorio Garc\u00eda Karman, concert\u2026","rel":"","context":"\u00c4hnlicher Beitrag","img":{"alt_text":"","src":"","width":0,"height":0},"classes":[]},{"id":230,"url":"https:\/\/ggkarman.de\/benvingutmrgerhard\/","url_meta":{"origin":105,"position":1},"title":"A Tribute to Roberto Gerhard","date":"22\/12\/2012","format":false,"excerpt":"This blog entry commemorates the concert dedicated to the Anglo-Catalan composer Roberto Gerhard (1896\u20131970)\u00a0that took place in the Auditori of the Conservatori del Liceu in Barcelona the 26th of April 2012. The soir\u00e9e was part of the activities of the II International Conference Roberto Gerhard and the Spring Festival of\u2026","rel":"","context":"Mit 1 Kommentar","img":{"alt_text":"","src":"","width":0,"height":0},"classes":[]},{"id":326,"url":"https:\/\/ggkarman.de\/benvingutmrgerhard\/links\/","url_meta":{"origin":105,"position":2},"title":"Links","date":"23\/12\/2012","format":false,"excerpt":"RELATED SITES www.robertogerhard.com\u00a0\u2014 Official site of the Roberto Gerhard\u00a0Conference CeReNeM\u00a0\u2014 Centre for Research in New Music, University of Huddersfield Conservatori Superior de M\u00fasica del Liceu\u00a0\u2014 Where the concert took place PROJECT PARTNERS Ajuntament de Barcelona Arts & Humanities Research Council Biblioteca de Catalunya Catalunya M\u00fasica Can R\u00e0fols dels Caus Centre\u2026","rel":"","context":"\u00c4hnlicher Beitrag","img":{"alt_text":"","src":"","width":0,"height":0},"classes":[]},{"id":338,"url":"https:\/\/ggkarman.de\/benvingutmrgerhard\/credits\/","url_meta":{"origin":105,"position":3},"title":"Credits","date":"23\/12\/2012","format":false,"excerpt":"II INTERNATIONAL ROBERTO GERHARD CONFERENCE University of Huddersfield. School of Music, Humanities and Media (coordinaci\u00f3n y producci\u00f3n) Director: Michael Russ Coordinador CeReNeM: Monty Adkins Coordinadores del congreso: Carlos Duque, Gregorio Garc\u00eda Karman y\u00a0Trevor Walshaw Conservatorio Superior de M\u00fasica del Liceu (sede principal del congreso) Directora: Mar\u00eda Serrat i Mart\u00edn Coordinaci\u00f3n:\u2026","rel":"","context":"\u00c4hnlicher Beitrag","img":{"alt_text":"","src":"","width":0,"height":0},"classes":[]},{"id":129,"url":"https:\/\/ggkarman.de\/benvingutmrgerhard\/program\/dna-in-reflection\/","url_meta":{"origin":105,"position":4},"title":"DNA in Reflection","date":"17\/12\/2012","format":false,"excerpt":"DNA in Reflection\u00a0(1963) es un film experimental de Hans Boye y Anand Sarabhai, dos j\u00f3venes investigadores que se conocieron en el Laboratorio de Biolog\u00eda Molecular de la Universidad de Cambridge a principios de los a\u00f1os 60. La pel\u00edcula muestra las im\u00e1genes del modelo de la doble h\u00e9lice de ADN de\u2026","rel":"","context":"\u00c4hnlicher Beitrag","img":{"alt_text":"","src":"https:\/\/i2.wp.com\/ggkarman.de\/benvingutmrgerhard\/wp-content\/uploads\/2012\/12\/Screen-shot-2012-12-18-at-12.42.49-1024x772.png?resize=350%2C200","width":350,"height":200},"classes":[]}],"_links":{"self":[{"href":"https:\/\/ggkarman.de\/benvingutmrgerhard\/wp-json\/wp\/v2\/pages\/105"}],"collection":[{"href":"https:\/\/ggkarman.de\/benvingutmrgerhard\/wp-json\/wp\/v2\/pages"}],"about":[{"href":"https:\/\/ggkarman.de\/benvingutmrgerhard\/wp-json\/wp\/v2\/types\/page"}],"author":[{"embeddable":true,"href":"https:\/\/ggkarman.de\/benvingutmrgerhard\/wp-json\/wp\/v2\/users\/1"}],"replies":[{"embeddable":true,"href":"https:\/\/ggkarman.de\/benvingutmrgerhard\/wp-json\/wp\/v2\/comments?post=105"}],"version-history":[{"count":12,"href":"https:\/\/ggkarman.de\/benvingutmrgerhard\/wp-json\/wp\/v2\/pages\/105\/revisions"}],"predecessor-version":[{"id":819,"href":"https:\/\/ggkarman.de\/benvingutmrgerhard\/wp-json\/wp\/v2\/pages\/105\/revisions\/819"}],"up":[{"embeddable":true,"href":"https:\/\/ggkarman.de\/benvingutmrgerhard\/wp-json\/wp\/v2\/pages\/51"}],"wp:attachment":[{"href":"https:\/\/ggkarman.de\/benvingutmrgerhard\/wp-json\/wp\/v2\/media?parent=105"}],"curies":[{"name":"wp","href":"https:\/\/api.w.org\/{rel}","templated":true}]}}